{"id":2,"date":"2013-10-08T18:27:23","date_gmt":"2013-10-08T18:27:23","guid":{"rendered":"http:\/\/www.tableronde63.be\/?page_id=2"},"modified":"2017-02-12T18:43:48","modified_gmt":"2017-02-12T17:43:48","slug":"page-d-exemple","status":"publish","type":"page","link":"https:\/\/www.tableronde63.be\/?page_id=2","title":{"rendered":"About"},"content":{"rendered":"<p>La Table Ronde &nbsp;est un service club international couvrant les 5 continents. Les membres s\u2019y rencontrent fr\u00e9quemment dans des r\u00e9unions o\u00f9 il est coutume de dire \u00ab c\u2019est un endroit o\u00f9 on rencontre de vieux amis pour la premi\u00e8re fois \u00bb.<\/p>\n<p>Le mouvement est structur\u00e9 par pays. En Belgique, il prend la forme d\u2019une ASBL d\u00e9nomm\u00e9e \u00ab&nbsp;Round Table Belgium&nbsp;\u00bb, en abr\u00e9g\u00e9 RTB, dont le site interner est consultable \u00e0 l\u2019adresse&nbsp;<a href=\"http:\/\/www.roundtable.be\" target=\"_blank\">www.roundtable.be<\/a>.<\/p>\n<p>Favorisant avant tout l\u2019amiti\u00e9 entre ses membres, des clubs locaux ou \u00ab Tables \u00bb existent dans la plupart des grandes villes et dans les 4 coins de notre beau pays (98 clubs pour plus de 1550 membres actifs) et sont regroup\u00e9es au sein d\u2019une ASBL \u00ab Round Table Belgium \u00bb, elle-m\u00eame membre d\u2019une structure internationale pr\u00e9sente dans pr\u00e8s de 80 pays \u00e0 travers le monde et comptant pr\u00e8s de 37000 membres.<\/p>\n<p>La Table Ronde est ouverte \u00e0 tous les hommes de bonne volont\u00e9 \u00e2g\u00e9s entre 18 et 40 ans, par le biais d\u2019un syst\u00e8me de parrainage amical. N\u2019\u00e9tant nullement un cercle d\u2019affaires ou professionnel, c\u2019est un lieu d\u2019\u00e9change, de rencontre et d\u2019amiti\u00e9 o\u00f9 toute connotation professionnelle, politique, confessionnelle, raciale ou linguistique est strictement interdite.<\/p>\n<p>La Table Ronde soutient de nombreux projets sociaux, que ce soit au niveau local, national ou international, soit en r\u00e9coltant des fonds au travers d\u2019activit\u00e9s aussi vari\u00e9es que passionnantes, soit par le biais de ce que nous appelons des \u00ab Man power \u00bb, c\u2019est-\u00e0-dire en se relevant les manches !!! Un tel niveau d\u2019investissement personnel ne pouvant \u00eatre v\u00e9cu seul, la Table Ronde accorde \u00e9galement une place tr\u00e8s importante aux activit\u00e9s familiales, o\u00f9 nos compagnes et enfants apprennent \u00e0 mieux se conna\u00eetre et partager notre passion.<\/p>\n<p>Si jamais&nbsp;l\u2019aventure Table Ronde vous tente, n\u2019h\u00e9sitez pas \u00e0 prendre contact avec nous, nous vous aiderons avec grand plaisir !<\/p>\n<p>Table Ronde de Li\u00e8ge 63 : info@tableronde63.be<\/p>\n","protected":false},"excerpt":{"rendered":"<p>La Table Ronde &nbsp;est un service club international couvrant les 5 continents. Les membres s\u2019y rencontrent fr\u00e9quemment dans des r\u00e9unions o\u00f9 il est coutume de dire \u00ab c\u2019est un endroit o\u00f9 on rencontre de vieux amis pour la premi\u00e8re fois \u00bb.<\/p>\n<p><span class=\"ellipsis\">&hellip;<\/span><\/p>\n<div class=\"read-more\"><a href=\"https:\/\/www.tableronde63.be\/?page_id=2\">Lire la suite &#8250;<\/a><\/div>\n<p><!-- end of .read-more --><\/p>\n","protected":false},"author":1,"featured_media":0,"parent":0,"menu_order":2,"comment_status":"closed","ping_status":"closed","template":"","meta":{"_s2mail":"yes","ngg_post_thumbnail":0,"jetpack_post_was_ever_published":false,"footnotes":""},"class_list":["post-2","page","type-page","status-publish","hentry"],"jetpack_shortlink":"https:\/\/wp.me\/P3FQhf-2","jetpack_sharing_enabled":false,"jetpack-related-posts":[],"_links":{"self":[{"href":"https:\/\/www.tableronde63.be\/index.php?rest_route=\/wp\/v2\/pages\/2","targetHints":{"allow":["GET"]}}],"collection":[{"href":"https:\/\/www.tableronde63.be\/index.php?rest_route=\/wp\/v2\/pages"}],"about":[{"href":"https:\/\/www.tableronde63.be\/index.php?rest_route=\/wp\/v2\/types\/page"}],"author":[{"embeddable":true,"href":"https:\/\/www.tableronde63.be\/index.php?rest_route=\/wp\/v2\/users\/1"}],"replies":[{"embeddable":true,"href":"https:\/\/www.tableronde63.be\/index.php?rest_route=%2Fwp%2Fv2%2Fcomments&post=2"}],"version-history":[{"count":0,"href":"https:\/\/www.tableronde63.be\/index.php?rest_route=\/wp\/v2\/pages\/2\/revisions"}],"wp:attachment":[{"href":"https:\/\/www.tableronde63.be\/index.php?rest_route=%2Fwp%2Fv2%2Fmedia&parent=2"}],"curies":[{"name":"wp","href":"https:\/\/api.w.org\/{rel}","templated":true}]}}