{"id":268,"date":"2013-12-19T10:46:01","date_gmt":"2013-12-19T09:46:01","guid":{"rendered":"http:\/\/www.tableronde63.be\/?page_id=268"},"modified":"2017-06-05T13:27:41","modified_gmt":"2017-06-05T12:27:41","slug":"formulaire","status":"publish","type":"page","link":"https:\/\/www.tableronde63.be\/?page_id=268","title":{"rendered":"Formulaire"},"content":{"rendered":"<p><em><strong>FRAN\u00c7AIS<\/strong><\/em><\/p>\n<p>Vous pouvez vous inscrire sur notre site et obtenir ainsi le statut d&#8217;abonn\u00e9 vous donnant acc\u00e8s \u00e0 l&#8217;int\u00e9gralit\u00e9 du site avec la possibilit\u00e9 de laisser des commentaires sous les articles sans mod\u00e9ration pr\u00e9alable.<\/p>\n<p>Le &#8220;nom d&#8217;utilisateur&#8221; est celui que vous utiliserez pour vous connecter ; il s&#8217;agit autrement dit de votre &#8220;identifiant&#8221; ou &#8220;login&#8221;. Nous vous conseillons d&#8217;utiliser&nbsp;votre adresse e-mail comme identifiant.<\/p>\n<p>Lorsque vous aurez valid\u00e9 le formulaire d&#8217;inscription, celui-ci sera soumis \u00e0 approbation \u00e0 un membre de notre Association.&nbsp;Vous&nbsp;ecevrez ensuite un e-mail de confirmation de votre inscription. (Pensez \u00e0 v\u00e9rifier le&nbsp;dossier &#8220;spams&#8221; ou &#8220;courriers ind\u00e9sirables&#8221; de votre boite !)<\/p>\n<p>Cet e-mail contiendra un mot de passe g\u00e9n\u00e9r\u00e9 automatiquement par le syst\u00e8me ainsi qu&#8217;un lien vers une page o\u00f9 vous pourrez le&nbsp;&nbsp;changer \u00e0 votre guise.<\/p>\n<p><strong>Par votre inscription, vous acceptez les conditions d&#8217;utilisation particuli\u00e8res du site.<\/strong><\/p>\n<p>&nbsp;<\/p>\n<p><em><strong>ENGLISH<\/strong><\/em><\/p>\n<p>You can subscribe to our blog and get a full access to its content as well as the possibility to comment the articles.<\/p>\n<p>The &#8220;username&#8221; (nom d&#8217;utilisateur) is the name you&#8217;ll use to &#8220;identify&#8221; yourself. In other words, it&#8217;s your &#8220;login&#8221;. We recommend to use your e-mail address as &#8220;username&#8221; or &#8220;login&#8221;. You are less inclined&nbsp;to forget it.<\/p>\n<p>Your subscription form has to be validated by a member of our Association. You&#8217;ll receive after a confirmation by e-mail (think about checking your spam folder).<\/p>\n<p>The e-mail will content your first password generated automaticaly by the system. It will also content a link to access your profile where you&#8217;ll be able to change it.<\/p>\n<p><strong>By&nbsp;your subscription, you agree the terms and conditions of our website.<\/strong><\/p>\n<p>&nbsp;<\/p>\n<p>[wp-members page=&#8221;register&#8221;]<\/p>\n","protected":false},"excerpt":{"rendered":"<p><em><strong>FRAN\u00c7AIS<\/strong><\/em><\/p>\n<p>Vous pouvez vous inscrire sur notre site et obtenir ainsi le statut d&#8217;abonn\u00e9 vous donnant acc\u00e8s \u00e0 l&#8217;int\u00e9gralit\u00e9 du site avec la possibilit\u00e9 de laisser des commentaires sous les articles sans mod\u00e9ration pr\u00e9alable.<\/p>\n<p><span class=\"ellipsis\">&hellip;<\/span><\/p>\n<div class=\"read-more\"><a href=\"https:\/\/www.tableronde63.be\/?page_id=268\">Lire la suite &#8250;<\/a><\/div>\n<p><!-- end of .read-more --><\/p>\n","protected":false},"author":2,"featured_media":0,"parent":266,"menu_order":1,"comment_status":"closed","ping_status":"closed","template":"full-width-page.php","meta":{"_s2mail":"yes","ngg_post_thumbnail":0,"jetpack_post_was_ever_published":false,"footnotes":""},"class_list":["post-268","page","type-page","status-publish","hentry"],"jetpack_shortlink":"https:\/\/wp.me\/P3FQhf-4k","jetpack_sharing_enabled":false,"jetpack-related-posts":[],"_links":{"self":[{"href":"https:\/\/www.tableronde63.be\/index.php?rest_route=\/wp\/v2\/pages\/268","targetHints":{"allow":["GET"]}}],"collection":[{"href":"https:\/\/www.tableronde63.be\/index.php?rest_route=\/wp\/v2\/pages"}],"about":[{"href":"https:\/\/www.tableronde63.be\/index.php?rest_route=\/wp\/v2\/types\/page"}],"author":[{"embeddable":true,"href":"https:\/\/www.tableronde63.be\/index.php?rest_route=\/wp\/v2\/users\/2"}],"replies":[{"embeddable":true,"href":"https:\/\/www.tableronde63.be\/index.php?rest_route=%2Fwp%2Fv2%2Fcomments&post=268"}],"version-history":[{"count":0,"href":"https:\/\/www.tableronde63.be\/index.php?rest_route=\/wp\/v2\/pages\/268\/revisions"}],"up":[{"embeddable":true,"href":"https:\/\/www.tableronde63.be\/index.php?rest_route=\/wp\/v2\/pages\/266"}],"wp:attachment":[{"href":"https:\/\/www.tableronde63.be\/index.php?rest_route=%2Fwp%2Fv2%2Fmedia&parent=268"}],"curies":[{"name":"wp","href":"https:\/\/api.w.org\/{rel}","templated":true}]}}