{"id":63,"date":"2013-10-09T18:23:24","date_gmt":"2013-10-09T17:23:24","guid":{"rendered":"http:\/\/www.tableronde63.be\/?page_id=63"},"modified":"2022-03-29T08:58:09","modified_gmt":"2022-03-29T07:58:09","slug":"membres","status":"publish","type":"page","link":"https:\/\/www.tableronde63.be\/?page_id=63","title":{"rendered":"Membres"},"content":{"rendered":"<p><b>Les membres de la Table Ronde 63 de Li\u00e8ge pour l\u2019ann\u00e9e 2022-2023<\/b><\/p>\n<p>&nbsp;<\/p>\n<ul>\n<li>Gr\u00e9gory FONTAINE&nbsp;&#8211; Pr\u00e9sident<\/li>\n<li>Jean-Francois REMY &#8211; Vice-pr\u00e9sident<\/li>\n<li>Mathieu MANNESBERG &#8211; &nbsp;IRO<\/li>\n<li>Fran\u00e7ois MINSIER &#8211; &nbsp;Past-Pr\u00e9sident<\/li>\n<li>Fran\u00e7ois REMACLE<\/li>\n<li>Ludovic ROSU<\/li>\n<li>Juan TARAZAGA<\/li>\n<li>Rapha\u00ebl WEIJENBERG<\/li>\n<li>Tran Quang NHUT<\/li>\n<\/ul>\n<p>&nbsp;<\/p>\n<p><b>Les Would-Be&nbsp;:<\/b><\/p>\n<p>&nbsp;<\/p>\n<p><b>Les Seniors :<\/b><\/p>\n<ul>\n<li>BAILLY MARCEL&nbsp;\u2020<\/li>\n<li>BARTHLMY JEAN<\/li>\n<li>BERHAUT JOHN<\/li>\n<li>BERHAUT LAURENT<\/li>\n<li>BERTRAND JEAN-CLAUDE&nbsp;\u2020<\/li>\n<li>BONHOMME Pierre<\/li>\n<li>BOTTIN PHILIPPE<\/li>\n<li>BOUFFLETTE FERNAND<\/li>\n<li>BRUGMANS RENE<\/li>\n<li>CAPRASSE ETIENNE<\/li>\n<li>CLAES CHRISTOPHE<\/li>\n<li>CLEMENT PIERRE<\/li>\n<li>COLLIGNON MAURICE&nbsp;\u2020<\/li>\n<li>CROISEZ Quentin<\/li>\n<li>DARDING JEAN-PIERRE<\/li>\n<li>DEFECHEREUX PIERRE<\/li>\n<li>DEGHAYE GILLES<\/li>\n<li>DEMOULIN JEAN-CLAUDE<\/li>\n<li>DEPIREUX MATHIEU<\/li>\n<li>DETAILLE FRANCIS<\/li>\n<li>DETROUX PATRICK<\/li>\n<li>DISCRY JEAN-MARIE<\/li>\n<li>DOR JACQUES<\/li>\n<li>DOR STEPHANE<\/li>\n<li>DUFAYS ARMAND<\/li>\n<li>ESCHWEILER MARCEL<\/li>\n<li>FABRE CHARLY&nbsp;\u2020<\/li>\n<li>FONTAINE JACQUES<\/li>\n<li>FRANCOIS MICHEL<\/li>\n<li>GAUTHOYE JACQUES<\/li>\n<li>GILLARD LUC<\/li>\n<li>GOCHEL MARC<\/li>\n<li>GUYOT Gilles<\/li>\n<li>HALKIN VINCENT<\/li>\n<li>HAYDAN Jean-S\u00e9bastien \u2020<\/li>\n<li>HENRY FERNAND<\/li>\n<li>HOTERMANS JEAN-MARIE<\/li>\n<li>HUBIN CHRISTIAN<\/li>\n<li>HUBIN Fran\u00e7ois (membre d&#8217;honneur)<\/li>\n<li>JACQUES ROLAND&nbsp;\u2020<\/li>\n<li>JACQUES THIERRY<\/li>\n<li>KERSTENNE PIERRE<\/li>\n<li>LACROSSE JACQUES&nbsp;\u2020<\/li>\n<li>LEMOINE PIERRE<\/li>\n<li>LEONARD REN\u00c9&nbsp;\u2020<\/li>\n<li>LHEUREUX PIERRE<\/li>\n<li>LIBENS GUY<\/li>\n<li>LUCAS PHILIPPE<\/li>\n<li>MALHERBE JACQUES<\/li>\n<li>MARCHAL JEAN-PIERRE<\/li>\n<li>MARDAGA PIERRE&nbsp;\u2020<\/li>\n<li>MARTINELLI JEAN-PIERRE<\/li>\n<li>MASSET David<\/li>\n<li>MATHY ANDR\u00c9<\/li>\n<li>MINNE Fr\u00e9d\u00e9ric (membre \u00e9m\u00e9rite)<\/li>\n<li>MULLER PIERRE<\/li>\n<li>MURAILLE PIERRE&nbsp;\u2020<\/li>\n<li>NELISSEN GEORGES<\/li>\n<li>NEUPREZ TONY<\/li>\n<li>NYS CLAUDE<\/li>\n<li>OVAERE WILLY<\/li>\n<li>PAQUES ERIC<\/li>\n<li>PAQUET Jean-Loup<\/li>\n<li>PIRAS David<\/li>\n<li>PIRON MICHEL<\/li>\n<li>PIROTTE HENRI<\/li>\n<li>PLATEUS ERIC<\/li>\n<li>RIGAUX PHILIPPE<\/li>\n<li>ROBINET JEAN-PIERRE<\/li>\n<li>ROUTIAUX BERNARD<\/li>\n<li>SCHAYNIAK NO\u00cbL<\/li>\n<li>SCHNEIDER ROBERT&nbsp;\u2020<\/li>\n<li>SIMONIS BENOIT<\/li>\n<li>TAGNON LUC<\/li>\n<li>TAILLEUR PHILIPPE<\/li>\n<li>THYS VICTOR<\/li>\n<li>TORTOLANI CLAUDE&nbsp;\u2020<\/li>\n<li>VAN MIEGHEN LUC<\/li>\n<li>VANHAEREN VINCENT<\/li>\n<li>VANSTAELE CHARLES<\/li>\n<li>VIEUJEAN JEAN-MARC<\/li>\n<li>WAZINSKI JEAN<\/li>\n<\/ul>\n","protected":false},"excerpt":{"rendered":"<p><b>Les membres de la Table Ronde 63 de Li\u00e8ge pour l\u2019ann\u00e9e 2022-2023<\/b><\/p>\n<p>&nbsp;<\/p>\n<ul>\n<li>Gr\u00e9gory FONTAINE&nbsp;&#8211; Pr\u00e9sident<\/li>\n<li>Jean-Francois REMY &#8211; Vice-pr\u00e9sident<\/li>\n<li>Mathieu MANNESBERG &#8211; &nbsp;IRO<\/li>\n<li>Fran\u00e7ois MINSIER &#8211;<\/li>\n<\/ul>\n<p><span class=\"ellipsis\">&hellip;<\/span><\/p>\n<div class=\"read-more\"><a href=\"https:\/\/www.tableronde63.be\/?page_id=63\">Lire la suite &#8250;<\/a><\/div>\n<p><!-- end of .read-more --><\/p>\n","protected":false},"author":1,"featured_media":0,"parent":0,"menu_order":1,"comment_status":"closed","ping_status":"closed","template":"","meta":{"_s2mail":"yes","ngg_post_thumbnail":0,"jetpack_post_was_ever_published":false,"footnotes":""},"class_list":["post-63","page","type-page","status-publish","hentry"],"jetpack_shortlink":"https:\/\/wp.me\/P3FQhf-11","jetpack_sharing_enabled":false,"jetpack-related-posts":[],"_links":{"self":[{"href":"https:\/\/www.tableronde63.be\/index.php?rest_route=\/wp\/v2\/pages\/63","targetHints":{"allow":["GET"]}}],"collection":[{"href":"https:\/\/www.tableronde63.be\/index.php?rest_route=\/wp\/v2\/pages"}],"about":[{"href":"https:\/\/www.tableronde63.be\/index.php?rest_route=\/wp\/v2\/types\/page"}],"author":[{"embeddable":true,"href":"https:\/\/www.tableronde63.be\/index.php?rest_route=\/wp\/v2\/users\/1"}],"replies":[{"embeddable":true,"href":"https:\/\/www.tableronde63.be\/index.php?rest_route=%2Fwp%2Fv2%2Fcomments&post=63"}],"version-history":[{"count":0,"href":"https:\/\/www.tableronde63.be\/index.php?rest_route=\/wp\/v2\/pages\/63\/revisions"}],"wp:attachment":[{"href":"https:\/\/www.tableronde63.be\/index.php?rest_route=%2Fwp%2Fv2%2Fmedia&parent=63"}],"curies":[{"name":"wp","href":"https:\/\/api.w.org\/{rel}","templated":true}]}}